{"id":1423,"date":"2023-01-24T19:38:57","date_gmt":"2023-01-24T19:38:57","guid":{"rendered":"https:\/\/transsander.com.co\/?page_id=1423"},"modified":"2023-01-24T19:43:04","modified_gmt":"2023-01-24T19:43:04","slug":"politica-de-prevencion-del-consumo-de-alcohol-tabaco-y-sustancias-psicoactivas","status":"publish","type":"page","link":"https:\/\/transsander.com.co\/index.php\/politica-de-prevencion-del-consumo-de-alcohol-tabaco-y-sustancias-psicoactivas\/","title":{"rendered":"POL\u00cdTICA DE PREVENCI\u00d3N"},"content":{"rendered":"\t\t<div data-elementor-type=\"wp-page\" data-elementor-id=\"1423\" class=\"elementor elementor-1423\" data-elementor-settings=\"[]\">\n\t\t\t\t\t\t\t<div class=\"elementor-section-wrap\">\n\t\t\t\t\t\t\t<section class=\"elementor-section elementor-top-section elementor-element elementor-element-115c49a5 elementor-section-content-middle elementor-section-full_width elementor-section-height-default elementor-section-height-default\" data-id=\"115c49a5\" data-element_type=\"section\">\n\t\t\t\t\t\t<div class=\"elementor-container elementor-column-gap-no\">\n\t\t\t\t\t<div class=\"elementor-column elementor-col-50 elementor-top-column elementor-element elementor-element-654c0af0\" data-id=\"654c0af0\" data-element_type=\"column\">\n\t\t\t<div class=\"elementor-widget-wrap elementor-element-populated\">\n\t\t\t\t\t\t\t\t<div class=\"elementor-element elementor-element-544e918c elementor-widget elementor-widget-heading\" data-id=\"544e918c\" data-element_type=\"widget\" data-widget_type=\"heading.default\">\n\t\t\t\t<div class=\"elementor-widget-container\">\n\t\t\t<h1 class=\"elementor-heading-title elementor-size-default\">POL\u00cdTICA DE PREVENCI\u00d3N DEL CONSUMO DE: \nALCOHOL, TABACO Y SUSTANCIAS PSICOACTIVAS\n<\/h1>\t\t<\/div>\n\t\t\t\t<\/div>\n\t\t\t\t<div class=\"elementor-element elementor-element-6ecb0062 elementor-widget elementor-widget-text-editor\" data-id=\"6ecb0062\" data-element_type=\"widget\" data-widget_type=\"text-editor.default\">\n\t\t\t\t<div class=\"elementor-widget-container\">\n\t\t\t\t\t\t\t\t<p><strong>TRANSPORTES SANTANDER S.A. <\/strong>consciente de la necesidad de promover un ambiente de trabajo sano y seguro en su entorno y de garantizar la seguridad, bienestar y salud de todos nuestros trabajadores, contratistas y usuarios del servicio, fija las siguientes directrices, la cual ser\u00e1 un requisito de obligatorio cumplimiento:<\/p><p>\u00a0<\/p><p>Es de car\u00e1cter obligatorio:<\/p><p>\u00a0<\/p><ul><li>Participar activamente en las campa\u00f1as y programas tendientes a fomentar la prevenci\u00f3n y el control de la farmacodependencia, el alcoholismo y el tabaquismo.<\/li><li>Facilitar la realizaci\u00f3n de las pruebas necesarias para esclarecer indicios de abuso de sustancias psicoactivas y\/o alcohol o para descartar, cuando el trabajador est\u00e9 involucrado en un accidente, la ingesti\u00f3n de dichas sustancias.<\/li><\/ul><p>\u00a0<\/p><p>Se proh\u00edbe:<\/p><p>\u00a0<\/p><ul><li>El consumo de alcohol, tabaco y sustancias psicoactivas, por parte de los trabajadores, contratistas y usuarios del servicio, durante horas laborales, sean estas dentro o fuera de las instalaciones de la organizaci\u00f3n.<\/li><li>El uso, posesi\u00f3n, distribuci\u00f3n y venta de alcohol y sustancias psicoactivas por parte de trabajadores, contratistas y usuarios del servicio en las instalaciones de la organizaci\u00f3n o en el desarrollo de sus negocios, est\u00e1 estrictamente prohibido.<\/li><li>Presentarse a trabajar bajo los efectos de sustancias psicoactivas y\/o alcohol. Su contravenci\u00f3n constituye causa justa para dar por terminada la respectiva relaci\u00f3n laboral.<\/li><\/ul><p>\u00a0<\/p><p>Esta pol\u00edtica es de obligatorio cumplimiento por parte de todos los trabajadores, contratistas y usuarios del servicio. El incumplimiento, as\u00ed como la oposici\u00f3n a las inspecciones o toma de muestras, se considera falta grave y en consecuencia la organizaci\u00f3n puede adoptar medidas disciplinarias, inclusive dar por finalizado el contrato de trabajo por justa causa de acuerdo con lo establecido en el Reglamento de Trabajo y la Legislaci\u00f3n Colombiana, seg\u00fan sea el caso.<\/p><p>\u00a0<\/p><p>\u00a0<\/p><p>\u00a0<\/p><p>\u00a0<\/p><p>\u00a0<\/p><p>\u00a0<\/p>\t\t\t\t\t\t<\/div>\n\t\t\t\t<\/div>\n\t\t\t\t\t<\/div>\n\t\t<\/div>\n\t\t\t\t<div class=\"elementor-column elementor-col-50 elementor-top-column elementor-element elementor-element-da44148\" data-id=\"da44148\" data-element_type=\"column\">\n\t\t\t<div class=\"elementor-widget-wrap elementor-element-populated\">\n\t\t\t\t\t\t\t\t<div class=\"elementor-element elementor-element-ea111bc elementor-widget elementor-widget-heading\" data-id=\"ea111bc\" data-element_type=\"widget\" data-widget_type=\"heading.default\">\n\t\t\t\t<div class=\"elementor-widget-container\">\n\t\t\t<h1 class=\"elementor-heading-title elementor-size-default\">POL\u00cdTICA DE PREVENCI\u00d3N DE ACOSO LABORAL<\/h1>\t\t<\/div>\n\t\t\t\t<\/div>\n\t\t\t\t<div class=\"elementor-element elementor-element-a420372 elementor-widget elementor-widget-text-editor\" data-id=\"a420372\" data-element_type=\"widget\" data-widget_type=\"text-editor.default\">\n\t\t\t\t<div class=\"elementor-widget-container\">\n\t\t\t\t\t\t\t\t<p><strong>TRANSPORTES SANTANDER S.A. <\/strong>consciente de la importancia de un trabajo en condiciones dignas y justas, la libertad, la intimidad, la honra y la salud mental de los trabajadores y contratistas, la armon\u00eda entre quienes comparten un mismo ambiente laboral y el buen ambiente en la organizaci\u00f3n, est\u00e1 comprometida con la prevenci\u00f3n de las conductas que constituyen acoso laboral y la promoci\u00f3n de un ambiente de convivencia laboral.<\/p><p>\u00a0<\/p><p>Para tal fin y en aras de la prevenci\u00f3n de conductas que constituyen acoso laboral, TRANSSANDER S.A. promueve actividades como:<\/p><p>\u00a0<\/p><ul><li>El funcionamiento del Comit\u00e9 de Convivencia Laboral<\/li><li>La implementaci\u00f3n del Manual de Convivencia Laboral<\/li><li>Concientizaci\u00f3n a todos los trabajadores de la organizaci\u00f3n sobre acoso laboral y sus consecuencias, con el fin de que se rechacen estas pr\u00e1cticas y se respalde la dignidad e integridad de las personas en el trabajo<\/li><li>Formaci\u00f3n en temas que fortalezcan las relaciones interpersonales tales como el manejo de conflictos, comunicaci\u00f3n asertiva, el respeto y buen trato.<\/li><li>Seguimiento y vigilancia peri\u00f3dica del acoso laboral utilizando instrumentos que para el efecto hayan sido validados en el pa\u00eds, garantizando la confidencialidad de la informaci\u00f3n.<\/li><\/ul><p>\u00a0<\/p><p>La organizaci\u00f3n se compromete a llevar a cabo, cuando hubiere lugar, el procedimiento contemplado en el Reglamento de Trabajo, el cual define la prevenci\u00f3n y\/o soluci\u00f3n de las conductas que constituyen acoso laboral, siguiendo el debido proceso, a la vez que a dar tr\u00e1mite oportuno a las quejas presentadas a trav\u00e9s del Comit\u00e9 de Convivencia Laboral.<\/p><p>\u00a0<\/p><p>Para la implementaci\u00f3n, difusi\u00f3n y cumplimiento de la presente pol\u00edtica, la organizaci\u00f3n asigna los recursos necesarios y participa en la evaluaci\u00f3n de su eficacia, a trav\u00e9s de revisiones, reuniones e inspecciones gerenciales peri\u00f3dicas.<\/p><p>\u00a0<\/p><p>\u00a0<\/p><p>\u00a0<\/p><p>\u00a0<\/p><p>\u00a0<\/p><p>\u00a0<\/p><p>\u00a0<\/p><p>\u00a0<\/p>\t\t\t\t\t\t<\/div>\n\t\t\t\t<\/div>\n\t\t\t\t\t<\/div>\n\t\t<\/div>\n\t\t\t\t\t\t\t<\/div>\n\t\t<\/section>\n\t\t\t\t<section class=\"elementor-section elementor-top-section elementor-element elementor-element-6d575ca elementor-section-content-middle elementor-section-full_width elementor-section-height-default elementor-section-height-default\" data-id=\"6d575ca\" data-element_type=\"section\">\n\t\t\t\t\t\t<div class=\"elementor-container elementor-column-gap-no\">\n\t\t\t\t\t<div class=\"elementor-column elementor-col-50 elementor-top-column elementor-element elementor-element-045ddd3\" data-id=\"045ddd3\" data-element_type=\"column\">\n\t\t\t<div class=\"elementor-widget-wrap elementor-element-populated\">\n\t\t\t\t\t\t\t\t<div class=\"elementor-element elementor-element-f30f113 elementor-widget elementor-widget-heading\" data-id=\"f30f113\" data-element_type=\"widget\" data-widget_type=\"heading.default\">\n\t\t\t\t<div class=\"elementor-widget-container\">\n\t\t\t<h1 class=\"elementor-heading-title elementor-size-default\">POL\u00cdTICA DE SEGURIDAD VIAL<\/h1>\t\t<\/div>\n\t\t\t\t<\/div>\n\t\t\t\t<div class=\"elementor-element elementor-element-0d1eddf elementor-widget elementor-widget-text-editor\" data-id=\"0d1eddf\" data-element_type=\"widget\" data-widget_type=\"text-editor.default\">\n\t\t\t\t<div class=\"elementor-widget-container\">\n\t\t\t\t\t\t\t\t<p><strong>POLITICA DE SEGURIDAD VIAL<\/strong><\/p><p><strong>\u00a0<\/strong><\/p><p><strong>TRANSPORTES SANTANDER S.A. &#8211; TRANSSANDER S.A<\/strong>. se compromete a lograr que las actividades relacionadas con el transporte terrestre de pasajeros y de carga se ejecuten de forma segura, promoviendo la formaci\u00f3n de h\u00e1bitos, comportamientos y conductas seguras en la v\u00eda, para alcanzar los prop\u00f3sitos en materia de prevenci\u00f3n de los accidentes de tr\u00e1nsito durante los desplazamientos in itinere y en el desarrollo de sus actividades.<\/p><p>Para dar cumplimiento a tal prop\u00f3sito TRANSSANDER S.A., establece los siguientes lineamientos orientados a garantizar el cumplimiento de esta pol\u00edtica:<\/p><p>\u00a0<\/p><p>\u00a0<\/p><p>-Cumplir con el c\u00f3digo nacional de tr\u00e1nsito y dem\u00e1s regulaciones nacionales, locales asociados a los comportamientos de los diferentes actores viales (conductor, peat\u00f3n pasajero,) as\u00ed como las normas y procedimiento internos definidos por la empresa.<\/p><p>\u00a0<\/p><p>-Ning\u00fan trabajador puede hacer uso de los veh\u00edculos propios o puesto al servicio de la empresa mientras se encuentre bajo los efectos del alcohol o sustancias psicoactivas que afecten el buen desempe\u00f1o como conductor<\/p><p>\u00a0<\/p><p>-Cumplir con los l\u00edmites de velocidad establecidos por la autoridad de tr\u00e1nsito en las diferentes v\u00edas por donde se transite.<\/p><p>\u00a0<\/p><p>-El uso de equipos de comunicaci\u00f3n est\u00e1 prohibido mientras se conduce un veh\u00edculo propio o puesto al servicio de la empresa e incluso cuando se realice desplazamientos caminando.<\/p><p>\u00a0<\/p><p>-Tanto el conductor y\/o pasajero del veh\u00edculo deber\u00e1n utilizar en todo momento el cintur\u00f3n de seguridad por m\u00e1s corto que sea el trayecto.<\/p><p>\u00a0<\/p><p>&#8211; Se solicita a los conductores la realizaci\u00f3n de periodos de reposo (pausas activas) para prevenir la fatiga; los cuales tendr\u00e1n lugar cada dos horas, realizar seguimiento sobre el cumplimiento de los tiempos para pernoctar con el fin de prevenir la fatiga en los conductores.<\/p><p>\u00a0<\/p><p>-Todo el personal que conduzca motocicleta deber hacer uso correcto del casco reglamentario el cual deber\u00e1 estar siempre abrochado.<\/p><p>\u00a0<\/p><p>Para l\u00f3gralo, hemos decididos establecer, implementar, mantener y mejorar continuamente nuestro Plan Estrat\u00e9gico de Seguridad Vial PESV, aportando los recursos humanos, t\u00e9cnicos, financieros necesarios con el fin de cumplir los requisitos legales vigentes en materia de seguridad vial y seguridad y salud en el trabajo.<\/p><p>\u00a0<\/p><p>\u00a0<\/p><p>\u00a0<\/p><p>\u00a0<\/p><p>\u00a0<\/p>\t\t\t\t\t\t<\/div>\n\t\t\t\t<\/div>\n\t\t\t\t\t<\/div>\n\t\t<\/div>\n\t\t\t\t<div class=\"elementor-column elementor-col-50 elementor-top-column elementor-element elementor-element-800f94f\" data-id=\"800f94f\" data-element_type=\"column\">\n\t\t\t<div class=\"elementor-widget-wrap elementor-element-populated\">\n\t\t\t\t\t\t\t\t<div class=\"elementor-element elementor-element-b8a3986 elementor-widget elementor-widget-heading\" data-id=\"b8a3986\" data-element_type=\"widget\" data-widget_type=\"heading.default\">\n\t\t\t\t<div class=\"elementor-widget-container\">\n\t\t\t<h1 class=\"elementor-heading-title elementor-size-default\">POL\u00cdTICA INTEGRAL DE GESTI\u00d3N<\/h1>\t\t<\/div>\n\t\t\t\t<\/div>\n\t\t\t\t<div class=\"elementor-element elementor-element-58a2a8c elementor-widget elementor-widget-text-editor\" data-id=\"58a2a8c\" data-element_type=\"widget\" data-widget_type=\"text-editor.default\">\n\t\t\t\t<div class=\"elementor-widget-container\">\n\t\t\t\t\t\t\t\t<p><strong>TRANSPORTES SANTANDER S.A. <\/strong>es una organizaci\u00f3n dedicada a la prestaci\u00f3n de servicio p\u00fablico de transporte terrestre automotor de pasajeros en la modalidad especial y por carretera y de transporte terrestre automotor de carga, comprometida con el desarrollo del Sistema Integrado de Gesti\u00f3n y la b\u00fasqueda permanente del mejoramiento continuo de todos los procesos y servicios, el cual es respaldado por los recursos necesarios para su implementaci\u00f3n, mantenimiento y mejora, buscando:<\/p><p>\u00a0<\/p><ul><li>La calidad de nuestros procesos y servicios.<\/li><li>La satisfacci\u00f3n de las necesidades y expectativas de nuestros clientes y dem\u00e1s partes interesadas.<\/li><li>La protecci\u00f3n del medio ambiente y la prevenci\u00f3n de la contaminaci\u00f3n.<\/li><li>La prevenci\u00f3n de lesiones y enfermedades laborales.<\/li><li>La prevenci\u00f3n de los incidentes y accidentes en la ejecuci\u00f3n de nuestras actividades.<\/li><li>La protecci\u00f3n de su infraestructura general, impidiendo da\u00f1os a la propiedad.<\/li><li>La prevenci\u00f3n del consumo de alcohol, tabaco y sustancias psicoactivas durante la prestaci\u00f3n del servicio y fuera de ella.<\/li><li>La prevenci\u00f3n de las conductas que constituyen acoso laboral y la promoci\u00f3n de un ambiente de convivencia laboral.<\/li><li>La prevenci\u00f3n de los siniestros viales y en compromiso frente a una movilidad segura de clientes internos y externos.<\/li><\/ul><p>\u00a0<\/p><p>La organizaci\u00f3n se compromete a cumplir los requisitos del cliente, los legales y otros requisitos vigentes y aplicables en materia de tr\u00e1nsito y transporte, seguridad vial, medio ambiente, salud y riesgos laborales.<\/p><p>\u00a0<\/p><p>\u00a0<\/p><p>\u00a0<\/p><p>\u00a0<\/p><p>\u00a0<\/p><p>\u00a0<\/p>\t\t\t\t\t\t<\/div>\n\t\t\t\t<\/div>\n\t\t\t\t\t<\/div>\n\t\t<\/div>\n\t\t\t\t\t\t\t<\/div>\n\t\t<\/section>\n\t\t\t\t\t\t<\/div>\n\t\t\t\t\t<\/div>\n\t\t","protected":false},"excerpt":{"rendered":"<p>POL\u00cdTICA DE PREVENCI\u00d3N DEL CONSUMO DE: ALCOHOL, TABACO Y SUSTANCIAS PSICOACTIVAS TRANSPORTES SANTANDER S.A. consciente de la necesidad de promover un ambiente de trabajo sano y seguro en su entorno y de garantizar la seguridad, bienestar y salud de todos nuestros trabajadores, contratistas y usuarios del servicio, fija las siguientes directrices, la cual ser\u00e1 un &hellip;<\/p>\n<p class=\"read-more\"> <a class=\"\" href=\"https:\/\/transsander.com.co\/index.php\/politica-de-prevencion-del-consumo-de-alcohol-tabaco-y-sustancias-psicoactivas\/\"> <span class=\"screen-reader-text\">POL\u00cdTICA DE PREVENCI\u00d3N<\/span> Leer m\u00e1s &raquo;<\/a><\/p>\n","protected":false},"author":1,"featured_media":0,"parent":0,"menu_order":0,"comment_status":"closed","ping_status":"closed","template":"","meta":[],"_links":{"self":[{"href":"https:\/\/transsander.com.co\/index.php\/wp-json\/wp\/v2\/pages\/1423"}],"collection":[{"href":"https:\/\/transsander.com.co\/index.php\/wp-json\/wp\/v2\/pages"}],"about":[{"href":"https:\/\/transsander.com.co\/index.php\/wp-json\/wp\/v2\/types\/page"}],"author":[{"embeddable":true,"href":"https:\/\/transsander.com.co\/index.php\/wp-json\/wp\/v2\/users\/1"}],"replies":[{"embeddable":true,"href":"https:\/\/transsander.com.co\/index.php\/wp-json\/wp\/v2\/comments?post=1423"}],"version-history":[{"count":14,"href":"https:\/\/transsander.com.co\/index.php\/wp-json\/wp\/v2\/pages\/1423\/revisions"}],"predecessor-version":[{"id":1446,"href":"https:\/\/transsander.com.co\/index.php\/wp-json\/wp\/v2\/pages\/1423\/revisions\/1446"}],"wp:attachment":[{"href":"https:\/\/transsander.com.co\/index.php\/wp-json\/wp\/v2\/media?parent=1423"}],"curies":[{"name":"wp","href":"https:\/\/api.w.org\/{rel}","templated":true}]}}