{"id":1400,"date":"2023-01-24T19:05:47","date_gmt":"2023-01-24T19:05:47","guid":{"rendered":"https:\/\/transsander.com.co\/?page_id=1400"},"modified":"2023-04-21T15:14:29","modified_gmt":"2023-04-21T15:14:29","slug":"nosotros-2","status":"publish","type":"page","link":"https:\/\/transsander.com.co\/index.php\/nosotros-2\/","title":{"rendered":"Nosotros"},"content":{"rendered":"\t\t<div data-elementor-type=\"wp-page\" data-elementor-id=\"1400\" class=\"elementor elementor-1400\" data-elementor-settings=\"[]\">\n\t\t\t\t\t\t\t<div class=\"elementor-section-wrap\">\n\t\t\t\t\t\t\t<section class=\"elementor-section elementor-top-section elementor-element elementor-element-48e22e3d elementor-section-height-min-height elementor-section-items-stretch elementor-section-content-middle elementor-section-full_width elementor-section-height-default\" data-id=\"48e22e3d\" data-element_type=\"section\" data-settings=\"{&quot;background_background&quot;:&quot;classic&quot;}\">\n\t\t\t\t\t\t<div class=\"elementor-container elementor-column-gap-no\">\n\t\t\t\t\t<div class=\"elementor-column elementor-col-50 elementor-top-column elementor-element elementor-element-4ac2d071\" data-id=\"4ac2d071\" data-element_type=\"column\">\n\t\t\t<div class=\"elementor-widget-wrap elementor-element-populated\">\n\t\t\t\t\t\t\t\t<div class=\"elementor-element elementor-element-24b067ed elementor-widget elementor-widget-heading\" data-id=\"24b067ed\" data-element_type=\"widget\" data-widget_type=\"heading.default\">\n\t\t\t\t<div class=\"elementor-widget-container\">\n\t\t\t<h1 class=\"elementor-heading-title elementor-size-default\">Rese\u00f1a hist\u00f3rica<\/h1>\t\t<\/div>\n\t\t\t\t<\/div>\n\t\t\t\t<div class=\"elementor-element elementor-element-24aac2da elementor-widget elementor-widget-text-editor\" data-id=\"24aac2da\" data-element_type=\"widget\" data-widget_type=\"text-editor.default\">\n\t\t\t\t<div class=\"elementor-widget-container\">\n\t\t\t\t\t\t\t\t<p>Transporte Santander S.A. m\u00e1s conocida como TRANSSANDER S.A. fue fundada en 1972 por los esposos Guillermo Le\u00f3n Suarez Carrillo y Amira Ardila Serrano. Quienes a pesar de la f\u00e9rrea oposici\u00f3n de empresas l\u00edderes en su momento llevaron al crecimiento de esta organizaci\u00f3n a su vez da comienzo a la vinculaci\u00f3n de transportadores de la regi\u00f3n y de otras zonas del pa\u00eds en calidad de nuevos socios, y es as\u00ed como empieza a escribirse la historia de una Organizaci\u00f3n.<\/p><p>\u00a0<\/p><p>Que nace en el sur de Santander y que hoy por hoy sigue siendo una de las empresas m\u00e1s importantes de transporte en el pa\u00eds.<\/p>\t\t\t\t\t\t<\/div>\n\t\t\t\t<\/div>\n\t\t\t\t\t<\/div>\n\t\t<\/div>\n\t\t\t\t<div class=\"elementor-column elementor-col-50 elementor-top-column elementor-element elementor-element-5a760a6\" data-id=\"5a760a6\" data-element_type=\"column\">\n\t\t\t<div class=\"elementor-widget-wrap elementor-element-populated\">\n\t\t\t\t\t\t\t\t<div class=\"elementor-element elementor-element-521def99 elementor-widget elementor-widget-image\" data-id=\"521def99\" data-element_type=\"widget\" data-widget_type=\"image.default\">\n\t\t\t\t<div class=\"elementor-widget-container\">\n\t\t\t\t\t\t\t\t\t\t\t\t\t\t\t<img width=\"1024\" height=\"833\" src=\"https:\/\/transsander.com.co\/wp-content\/uploads\/2022\/06\/Image_Placeholder_Hero-1024x833.jpeg\" class=\"attachment-large size-large\" alt=\"\" loading=\"lazy\" srcset=\"https:\/\/transsander.com.co\/wp-content\/uploads\/2022\/06\/Image_Placeholder_Hero-1024x833.jpeg 1024w, https:\/\/transsander.com.co\/wp-content\/uploads\/2022\/06\/Image_Placeholder_Hero-300x244.jpeg 300w, https:\/\/transsander.com.co\/wp-content\/uploads\/2022\/06\/Image_Placeholder_Hero-768x624.jpeg 768w, https:\/\/transsander.com.co\/wp-content\/uploads\/2022\/06\/Image_Placeholder_Hero.jpeg 1027w\" sizes=\"(max-width: 1024px) 100vw, 1024px\" \/>\t\t\t\t\t\t\t\t\t\t\t\t\t\t\t<\/div>\n\t\t\t\t<\/div>\n\t\t\t\t\t<\/div>\n\t\t<\/div>\n\t\t\t\t\t\t\t<\/div>\n\t\t<\/section>\n\t\t\t\t<section class=\"elementor-section elementor-top-section elementor-element elementor-element-55f866d8 elementor-section-full_width elementor-section-content-middle elementor-reverse-tablet elementor-reverse-mobile elementor-section-height-default elementor-section-height-default\" data-id=\"55f866d8\" data-element_type=\"section\">\n\t\t\t\t\t\t<div class=\"elementor-container elementor-column-gap-no\">\n\t\t\t\t\t<div class=\"elementor-column elementor-col-25 elementor-top-column elementor-element elementor-element-4667b6e1\" data-id=\"4667b6e1\" data-element_type=\"column\">\n\t\t\t<div class=\"elementor-widget-wrap elementor-element-populated\">\n\t\t\t\t\t\t\t\t<div class=\"elementor-element elementor-element-2b0374ce elementor-widget elementor-widget-image\" data-id=\"2b0374ce\" data-element_type=\"widget\" data-widget_type=\"image.default\">\n\t\t\t\t<div class=\"elementor-widget-container\">\n\t\t\t\t\t\t\t\t\t\t\t\t\t\t\t<img width=\"683\" height=\"600\" src=\"https:\/\/transsander.com.co\/wp-content\/uploads\/2022\/06\/Image_Placeholder-about.jpeg\" class=\"attachment-large size-large\" alt=\"\" loading=\"lazy\" srcset=\"https:\/\/transsander.com.co\/wp-content\/uploads\/2022\/06\/Image_Placeholder-about.jpeg 683w, https:\/\/transsander.com.co\/wp-content\/uploads\/2022\/06\/Image_Placeholder-about-300x264.jpeg 300w\" sizes=\"(max-width: 683px) 100vw, 683px\" \/>\t\t\t\t\t\t\t\t\t\t\t\t\t\t\t<\/div>\n\t\t\t\t<\/div>\n\t\t\t\t<div class=\"elementor-element elementor-element-4ccd1708 elementor-widget elementor-widget-image\" data-id=\"4ccd1708\" data-element_type=\"widget\" data-widget_type=\"image.default\">\n\t\t\t\t<div class=\"elementor-widget-container\">\n\t\t\t\t\t\t\t\t\t\t\t\t\t\t\t<img width=\"683\" height=\"600\" src=\"https:\/\/transsander.com.co\/wp-content\/uploads\/2022\/06\/Image_Placeholder-about.jpeg\" class=\"attachment-large size-large\" alt=\"\" loading=\"lazy\" srcset=\"https:\/\/transsander.com.co\/wp-content\/uploads\/2022\/06\/Image_Placeholder-about.jpeg 683w, https:\/\/transsander.com.co\/wp-content\/uploads\/2022\/06\/Image_Placeholder-about-300x264.jpeg 300w\" sizes=\"(max-width: 683px) 100vw, 683px\" \/>\t\t\t\t\t\t\t\t\t\t\t\t\t\t\t<\/div>\n\t\t\t\t<\/div>\n\t\t\t\t\t<\/div>\n\t\t<\/div>\n\t\t\t\t<div class=\"elementor-column elementor-col-25 elementor-top-column elementor-element elementor-element-16a4aff4\" data-id=\"16a4aff4\" data-element_type=\"column\">\n\t\t\t<div class=\"elementor-widget-wrap elementor-element-populated\">\n\t\t\t\t\t\t\t\t<div class=\"elementor-element elementor-element-54fe7d67 elementor-widget elementor-widget-image\" data-id=\"54fe7d67\" data-element_type=\"widget\" data-widget_type=\"image.default\">\n\t\t\t\t<div class=\"elementor-widget-container\">\n\t\t\t\t\t\t\t\t\t\t\t\t\t\t\t<img width=\"683\" height=\"600\" src=\"https:\/\/transsander.com.co\/wp-content\/uploads\/2022\/06\/Image_Placeholder-about.jpeg\" class=\"attachment-large size-large\" alt=\"\" loading=\"lazy\" srcset=\"https:\/\/transsander.com.co\/wp-content\/uploads\/2022\/06\/Image_Placeholder-about.jpeg 683w, https:\/\/transsander.com.co\/wp-content\/uploads\/2022\/06\/Image_Placeholder-about-300x264.jpeg 300w\" sizes=\"(max-width: 683px) 100vw, 683px\" \/>\t\t\t\t\t\t\t\t\t\t\t\t\t\t\t<\/div>\n\t\t\t\t<\/div>\n\t\t\t\t<div class=\"elementor-element elementor-element-20465a9b elementor-widget elementor-widget-image\" data-id=\"20465a9b\" data-element_type=\"widget\" data-widget_type=\"image.default\">\n\t\t\t\t<div class=\"elementor-widget-container\">\n\t\t\t\t\t\t\t\t\t\t\t\t\t\t\t<img width=\"683\" height=\"600\" src=\"https:\/\/transsander.com.co\/wp-content\/uploads\/2022\/06\/Image_Placeholder-about.jpeg\" class=\"attachment-large size-large\" alt=\"\" loading=\"lazy\" srcset=\"https:\/\/transsander.com.co\/wp-content\/uploads\/2022\/06\/Image_Placeholder-about.jpeg 683w, https:\/\/transsander.com.co\/wp-content\/uploads\/2022\/06\/Image_Placeholder-about-300x264.jpeg 300w\" sizes=\"(max-width: 683px) 100vw, 683px\" \/>\t\t\t\t\t\t\t\t\t\t\t\t\t\t\t<\/div>\n\t\t\t\t<\/div>\n\t\t\t\t\t<\/div>\n\t\t<\/div>\n\t\t\t\t<div class=\"elementor-column elementor-col-50 elementor-top-column elementor-element elementor-element-50476e7b\" data-id=\"50476e7b\" data-element_type=\"column\">\n\t\t\t<div class=\"elementor-widget-wrap elementor-element-populated\">\n\t\t\t\t\t\t\t\t<div class=\"elementor-element elementor-element-375fd1a1 elementor-widget elementor-widget-heading\" data-id=\"375fd1a1\" data-element_type=\"widget\" data-widget_type=\"heading.default\">\n\t\t\t\t<div class=\"elementor-widget-container\">\n\t\t\t<h3 class=\"elementor-heading-title elementor-size-default\">Misi\u00f3n<\/h3>\t\t<\/div>\n\t\t\t\t<\/div>\n\t\t\t\t<div class=\"elementor-element elementor-element-1c636514 elementor-widget elementor-widget-text-editor\" data-id=\"1c636514\" data-element_type=\"widget\" data-widget_type=\"text-editor.default\">\n\t\t\t\t<div class=\"elementor-widget-container\">\n\t\t\t\t\t\t\t\t<ol><li>Nos dedicamos al transporte de pasajeros por carretera, transporte especial, transporte de carga, giros y mensajer\u00eda especializada con un cubrimiento nacional e internacional, y en actividades conexas con el sector del transporte, prestando nuestros servicios a trav\u00e9s de un mejoramiento continuo en cada uno de los procesos, con un equipo humano altamente calificado, con tecnolog\u00eda de punta en la \u00e1reas de las comunicaciones y la inform\u00e1tica y bajo estrictas pol\u00edticas de calidad, cuidado y protecci\u00f3n del medio ambiente, seguridad y salud en el trabajo, que garanticen la satisfacci\u00f3n de nuestros clientes y generen bienestar a nuestros asociados.<\/li><\/ol>\t\t\t\t\t\t<\/div>\n\t\t\t\t<\/div>\n\t\t\t\t<div class=\"elementor-element elementor-element-55de3c37 elementor-mobile-align-center elementor-widget elementor-widget-button\" data-id=\"55de3c37\" data-element_type=\"widget\" data-widget_type=\"button.default\">\n\t\t\t\t<div class=\"elementor-widget-container\">\n\t\t\t\t\t<div class=\"elementor-button-wrapper\">\n\t\t\t<a href=\"#\" class=\"elementor-button-link elementor-button elementor-size-sm\" role=\"button\">\n\t\t\t\t\t\t<span class=\"elementor-button-content-wrapper\">\n\t\t\t\t\t\t<span class=\"elementor-button-text\">Learn more<\/span>\n\t\t<\/span>\n\t\t\t\t\t<\/a>\n\t\t<\/div>\n\t\t\t\t<\/div>\n\t\t\t\t<\/div>\n\t\t\t\t\t<\/div>\n\t\t<\/div>\n\t\t\t\t\t\t\t<\/div>\n\t\t<\/section>\n\t\t\t\t<section class=\"elementor-section elementor-top-section elementor-element elementor-element-282106f3 elementor-section-full_width elementor-section-height-default elementor-section-height-default\" data-id=\"282106f3\" data-element_type=\"section\" id=\"next\">\n\t\t\t\t\t\t<div class=\"elementor-container elementor-column-gap-no\">\n\t\t\t\t\t<div class=\"elementor-column elementor-col-100 elementor-top-column elementor-element elementor-element-7447fffe\" data-id=\"7447fffe\" data-element_type=\"column\">\n\t\t\t<div class=\"elementor-widget-wrap elementor-element-populated\">\n\t\t\t\t\t\t\t\t<div class=\"elementor-element elementor-element-4ff99ab1 elementor-widget elementor-widget-heading\" data-id=\"4ff99ab1\" data-element_type=\"widget\" data-widget_type=\"heading.default\">\n\t\t\t\t<div class=\"elementor-widget-container\">\n\t\t\t<h3 class=\"elementor-heading-title elementor-size-default\">Visi\u00f3n<\/h3>\t\t<\/div>\n\t\t\t\t<\/div>\n\t\t\t\t<div class=\"elementor-element elementor-element-6848990e elementor-widget elementor-widget-heading\" data-id=\"6848990e\" data-element_type=\"widget\" data-widget_type=\"heading.default\">\n\t\t\t\t<div class=\"elementor-widget-container\">\n\t\t\t<p class=\"elementor-heading-title elementor-size-default\">TRANSSANDER S.A en el 2025 ser\u00e1 una organizaci\u00f3n l\u00edder en la prestaci\u00f3n de servicios de transporte de pasajeros por carretera, transporte especial, transporte de carga, giros y mensajer\u00eda especializada y otras actividades conexas con el transporte, reconocida por su posicionamiento nacional de gran crecimiento, que genera bienestar y prosperidad a sus partes interesadas y \u00e1reas de influencia.<\/p>\t\t<\/div>\n\t\t\t\t<\/div>\n\t\t\t\t\t<\/div>\n\t\t<\/div>\n\t\t\t\t\t\t\t<\/div>\n\t\t<\/section>\n\t\t\t\t\t\t<\/div>\n\t\t\t\t\t<\/div>\n\t\t","protected":false},"excerpt":{"rendered":"<p>Rese\u00f1a hist\u00f3rica Transporte Santander S.A. m\u00e1s conocida como TRANSSANDER S.A. fue fundada en 1972 por los esposos Guillermo Le\u00f3n Suarez Carrillo y Amira Ardila Serrano. Quienes a pesar de la f\u00e9rrea oposici\u00f3n de empresas l\u00edderes en su momento llevaron al crecimiento de esta organizaci\u00f3n a su vez da comienzo a la vinculaci\u00f3n de transportadores de &hellip;<\/p>\n<p class=\"read-more\"> <a class=\"\" href=\"https:\/\/transsander.com.co\/index.php\/nosotros-2\/\"> <span class=\"screen-reader-text\">Nosotros<\/span> Leer m\u00e1s &raquo;<\/a><\/p>\n","protected":false},"author":1,"featured_media":0,"parent":0,"menu_order":0,"comment_status":"closed","ping_status":"closed","template":"","meta":[],"_links":{"self":[{"href":"https:\/\/transsander.com.co\/index.php\/wp-json\/wp\/v2\/pages\/1400"}],"collection":[{"href":"https:\/\/transsander.com.co\/index.php\/wp-json\/wp\/v2\/pages"}],"about":[{"href":"https:\/\/transsander.com.co\/index.php\/wp-json\/wp\/v2\/types\/page"}],"author":[{"embeddable":true,"href":"https:\/\/transsander.com.co\/index.php\/wp-json\/wp\/v2\/users\/1"}],"replies":[{"embeddable":true,"href":"https:\/\/transsander.com.co\/index.php\/wp-json\/wp\/v2\/comments?post=1400"}],"version-history":[{"count":16,"href":"https:\/\/transsander.com.co\/index.php\/wp-json\/wp\/v2\/pages\/1400\/revisions"}],"predecessor-version":[{"id":1545,"href":"https:\/\/transsander.com.co\/index.php\/wp-json\/wp\/v2\/pages\/1400\/revisions\/1545"}],"wp:attachment":[{"href":"https:\/\/transsander.com.co\/index.php\/wp-json\/wp\/v2\/media?parent=1400"}],"curies":[{"name":"wp","href":"https:\/\/api.w.org\/{rel}","templated":true}]}}